{"id":498,"date":"2021-05-30T12:33:00","date_gmt":"2021-05-30T10:33:00","guid":{"rendered":"https:\/\/www.chasingsolutions.se\/?page_id=498"},"modified":"2024-02-23T15:32:38","modified_gmt":"2024-02-23T14:32:38","slug":"kontakt","status":"publish","type":"page","link":"https:\/\/www.chasingsolutions.se\/en\/kontakt\/","title":{"rendered":"CONTACT"},"content":{"rendered":"<div class=\"style-509 style-local-498-c1 position-relative\" data-colibri-id=\"498-c1\">\r\n<div id=\"custom\" class=\"h-section h-section-global-spacing d-flex align-items-lg-center align-items-md-center align-items-center style-510 style-local-498-c2 position-relative\" data-colibri-component=\"section\" data-colibri-id=\"498-c2\">\r\n<div class=\"h-section-grid-container h-section-boxed-container\">\r\n<div class=\"h-row-container gutters-row-lg-0 gutters-row-md-0 gutters-row-0 gutters-row-v-lg-0 gutters-row-v-md-0 gutters-row-v-0 style-511 style-local-498-c3 position-relative\" data-colibri-id=\"498-c3\">\r\n<div class=\"h-row justify-content-lg-center justify-content-md-center justify-content-center align-items-lg-stretch align-items-md-stretch align-items-stretch gutters-col-lg-0 gutters-col-md-0 gutters-col-0 gutters-col-v-lg-0 gutters-col-v-md-0 gutters-col-v-0\">\r\n<div class=\"h-column h-column-container d-flex h-col-lg-auto h-col-md-auto h-col-auto style-512-outer style-local-498-c4-outer\">\r\n<div class=\"d-flex h-flex-basis h-column__inner h-px-lg-1 h-px-md-1 h-px-1 v-inner-lg-1 v-inner-md-1 v-inner-1 style-512 style-local-498-c4 position-relative\" data-colibri-id=\"498-c4\">\r\n<div class=\"w-100 h-y-container h-column__content h-column__v-align flex-basis-100 align-self-lg-start align-self-md-start align-self-start\">\r\n<div class=\"d-block style-514 style-local-498-c5 position-relative h-element\" data-colibri-id=\"498-c5\">\r\n<div class=\"h-image__frame-container-outer\">\r\n<div class=\"h-image__frame-container\"><img loading=\"lazy\" decoding=\"async\" width=\"750\" height=\"750\" class=\"wp-image-501 style-514-image style-local-498-c5-image\" src=\"https:\/\/www.chasingsolutions.se\/wp-content\/uploads\/2021\/05\/cropped-ChasingSolutionsLogo-1.png\" alt=\"Chasing Solutions\" srcset=\"https:\/\/www.chasingsolutions.se\/wp-content\/uploads\/2021\/05\/cropped-ChasingSolutionsLogo-1.png 750w, https:\/\/www.chasingsolutions.se\/wp-content\/uploads\/2021\/05\/cropped-ChasingSolutionsLogo-1-300x300.png 300w, https:\/\/www.chasingsolutions.se\/wp-content\/uploads\/2021\/05\/cropped-ChasingSolutionsLogo-1-150x150.png 150w\" sizes=\"auto, (max-width: 750px) 100vw, 750px\" \/>\r\n<div class=\"h-image__frame h-hide-lg h-hide-md h-hide-sm style-514-frameImage style-local-498-c5-frameImage\">\u00a0<\/div>\r\n<\/div>\r\n<\/div>\r\n<\/div>\r\n<div class=\"h-text h-text-component style-517 style-local-498-c6 position-relative h-element\" data-colibri-id=\"498-c6\">\r\n<div class=\"\">\r\n<p>Chasing Solutions AB<\/p>\r\n<p>R\u00e5g\u00e5krav\u00e4gen 145 <br \/>263 75 Nyhamnsl\u00e4ge <br \/>Sweden<\/p>\r\n<p>email: info@chasingsolutions.se<\/p>\r\n<\/div>\r\n<\/div>\r\n<\/div>\r\n<\/div>\r\n<\/div>\r\n<\/div>\r\n<\/div>\r\n<\/div>\r\n<\/div>\r\n<\/div>","protected":false},"excerpt":{"rendered":"<p>\u00a0 Chasing Solutions AB R\u00e5g\u00e5krav\u00e4gen 145 263 75 Nyhamnsl\u00e4ge Sweden email: info@chasingsolutions.se<\/p>\n","protected":false},"author":1,"featured_media":0,"parent":0,"menu_order":0,"comment_status":"closed","ping_status":"closed","template":"page-templates\/full-width-page.php","meta":{"_monsterinsights_skip_tracking":false,"_monsterinsights_sitenote_active":false,"_monsterinsights_sitenote_note":"","_monsterinsights_sitenote_category":0,"footnotes":""},"class_list":["post-498","page","type-page","status-publish","hentry"],"_links":{"self":[{"href":"https:\/\/www.chasingsolutions.se\/en\/wp-json\/wp\/v2\/pages\/498","targetHints":{"allow":["GET"]}}],"collection":[{"href":"https:\/\/www.chasingsolutions.se\/en\/wp-json\/wp\/v2\/pages"}],"about":[{"href":"https:\/\/www.chasingsolutions.se\/en\/wp-json\/wp\/v2\/types\/page"}],"author":[{"embeddable":true,"href":"https:\/\/www.chasingsolutions.se\/en\/wp-json\/wp\/v2\/users\/1"}],"replies":[{"embeddable":true,"href":"https:\/\/www.chasingsolutions.se\/en\/wp-json\/wp\/v2\/comments?post=498"}],"version-history":[{"count":7,"href":"https:\/\/www.chasingsolutions.se\/en\/wp-json\/wp\/v2\/pages\/498\/revisions"}],"predecessor-version":[{"id":669,"href":"https:\/\/www.chasingsolutions.se\/en\/wp-json\/wp\/v2\/pages\/498\/revisions\/669"}],"wp:attachment":[{"href":"https:\/\/www.chasingsolutions.se\/en\/wp-json\/wp\/v2\/media?parent=498"}],"curies":[{"name":"wp","href":"https:\/\/api.w.org\/{rel}","templated":true}]}}